{"id":4,"date":"2014-01-31T10:42:46","date_gmt":"2014-01-31T10:42:46","guid":{"rendered":"http:\/\/bancodeespacios.zeus.umh.es\/presentacion\/"},"modified":"2014-07-29T12:13:27","modified_gmt":"2014-07-29T12:13:27","slug":"presentacion","status":"publish","type":"page","link":"https:\/\/bancodeespacios.umh.es\/ca\/","title":{"rendered":"Presentaci\u00f3"},"content":{"rendered":"<p><\/p>\n<p style=\"text-align: justify\">Des de l&#8217;\u00c0rea de Cultura del Vicerectorat de Cultura i Extensi\u00f3 Universit\u00e0ria, s&#8217;ha procedit a elaborar un Banc d&#8217;Espais per diferents localitats pr\u00f2ximes a la Facultat per a tots aquells alumnes i professors que estigueren interessats a celebrar exposicions en qualsevol d&#8217;ells.<\/p>\n<p style=\"text-align: justify\">El Banc d&#8217;Espais \u00e9s un acord aconseguit de col\u00b7laboraci\u00f3 entre el Vicerectorat de Cultura i Extensi\u00f3 Universit\u00e0ria de la Universitat Miguel Hern\u00e1ndez i els diferents municipis que figuren en el llistat que s&#8217;acompanya per a \u00fas i gaudi de tots quants ho sol\u00b7liciten, pr\u00e8via toturizaci\u00f3 dels professors i supervisi\u00f3 i autoritzaci\u00f3 dels projectes expositius per part dels directors de l&#8217;\u00c0rea de Cultura del Vicerectorat.<\/p>\n<p style=\"text-align: center\"><span style=\"text-decoration: underline;color: #3366ff\"><em>Aquest text ha sigut tradu\u00eft utilizant un motor de traducci\u00f3 autom\u00e1tica.<\/em><\/span><\/p>\n<p><\/p>","protected":false},"excerpt":{"rendered":"<p>P\u00e1gina de presentaci\u00f3n de la unidad organizativa<\/p>\n","protected":false},"author":1,"featured_media":0,"parent":0,"menu_order":0,"comment_status":"closed","ping_status":"open","template":"","meta":{"_links_to":"","_links_to_target":""},"_links":{"self":[{"href":"https:\/\/bancodeespacios.umh.es\/ca\/wp-json\/wp\/v2\/pages\/4"}],"collection":[{"href":"https:\/\/bancodeespacios.umh.es\/ca\/wp-json\/wp\/v2\/pages"}],"about":[{"href":"https:\/\/bancodeespacios.umh.es\/ca\/wp-json\/wp\/v2\/types\/page"}],"author":[{"embeddable":true,"href":"https:\/\/bancodeespacios.umh.es\/ca\/wp-json\/wp\/v2\/users\/1"}],"replies":[{"embeddable":true,"href":"https:\/\/bancodeespacios.umh.es\/ca\/wp-json\/wp\/v2\/comments?post=4"}],"version-history":[{"count":0,"href":"https:\/\/bancodeespacios.umh.es\/ca\/wp-json\/wp\/v2\/pages\/4\/revisions"}],"wp:attachment":[{"href":"https:\/\/bancodeespacios.umh.es\/ca\/wp-json\/wp\/v2\/media?parent=4"}],"curies":[{"name":"wp","href":"https:\/\/api.w.org\/{rel}","templated":true}]}}