{"id":22,"date":"2014-03-13T19:08:16","date_gmt":"2014-03-13T19:08:16","guid":{"rendered":"http:\/\/bancodeespacios.umh.es\/?page_id=22"},"modified":"2019-10-10T12:51:26","modified_gmt":"2019-10-10T10:51:26","slug":"normas-del-banco-de-espacios","status":"publish","type":"page","link":"https:\/\/bancodeespacios.umh.es\/ca\/normas-del-banco-de-espacios\/","title":{"rendered":"Normes del Banc d&#8217;Espais"},"content":{"rendered":"<p><\/p>\n<p style=\"text-align: justify\">El Banc d&#8217;Espais \u00e9s una oferta d&#8217;espais expositius per a tots els estudiants de la nostra Facultat com resultat de les gestions realitzades per l&#8217;\u00c0rea de Cultura i Extensi\u00f3 Universit\u00e0ria, a fi que tots els nostres alumnes de Belles Arts puguen sol\u00b7licitar, disposar i disfrutar d&#8217;estos espais per a la celebraci\u00f3 d&#8217;exposicions en les localitats i en els \u00e0mbits designats en el Banc.<\/p>\n<p style=\"text-align: justify\">Les sol\u00b7licituds presentades hauran d&#8217;indicar el lloc triat per a la celebraci\u00f3 de l&#8217;exposici\u00f3 amb el vistiplau d&#8217;un professor i haver omplit correctament el formulari corresponent. I una vegada omplits tots els documents necessaris, totes les sol\u00b7licituds presentades seran sotmeses a un proc\u00e9s de selecci\u00f3 realitzat pels directors de l&#8217;\u00c0rea de Cultura.<\/p>\n<p style=\"text-align: justify\">Tot projecte que no complisca els requisits formulats en el document de Sol\u00b7licitud de Sala, ser\u00e0 directament desestimat.<\/p>\n<p style=\"text-align: justify\">El temps m\u00ednim per a sol\u00b7licitar una sala que es trobe dins del Banc d&#8217;Espais haur\u00e0 de ser de quatre mesos d&#8217;antelaci\u00f3 respecte a la data de la inauguraci\u00f3.<\/p>\n<p style=\"text-align: justify\">El Banc d&#8217;Espais pret\u00e9n ser una ferramenta d&#8217;ajuda i promoci\u00f3 de l&#8217;artista segons els convenis de col\u00b7laboraci\u00f3 firmats per la nostra Universitat amb els distints ajuntaments i centres d&#8217;art que figuren en el Banc d&#8217;Espais; perqu\u00e8 d&#8217;esta manera l&#8217;estudiant no haja de buscar o negociar de manera personal i individual la seua pretensi\u00f3 de celebrar exposicions en qualsevol dels espais expositius que disposen els municipis pr\u00f2xims a la nostra Comunitat.<\/p>\n<p style=\"text-align: justify\">L&#8217;estudiant que sol\u00b7licite exposici\u00f3 per a un dels espais continguts en el Banc d&#8217;Espais ha de con\u00e9ixer:<\/p>\n<p style=\"text-align: justify\">-Que el transport va a c\u00e0rrec de cada artista.<\/p>\n<p style=\"text-align: justify\">-Que la sala cal deixar-la tal com ens la troben.<\/p>\n<p style=\"text-align: justify\">-Que els becaris de cultura oferiran suport en el muntatge.<\/p>\n<p style=\"text-align: justify\">-Que la invitaci\u00f3 i el cartell que vagen a editar-se hauran de dissenyar-se usant com a base l&#8217;arquitectura dissenyada (que estar\u00e0 en DOCUMENTS) .<\/p>\n<p style=\"text-align: justify\">-Que tots els documents necessaris per a la presentaci\u00f3 de sol\u00b7licituds es troben en la pestanya DOCUMENTS (1-solicitud de sala, 2-arquitectura del cartell i 3-arquitectura de la invitaci\u00f3) .<\/p>\n<p style=\"text-align: center\"><span style=\"text-decoration: underline;color: #3366ff\"><em>Aquest text ha sigut tradu\u00eft utilizant un motor de traducci\u00f3 autom\u00e1tica.<\/em><\/span><\/p>\n<p><\/p>","protected":false},"excerpt":{"rendered":"<p>El Banc d&#8217;Espais \u00e9s una oferta d&#8217;espais expositius per a tots els estudiants de la nostra Facultat com resultat de les gestions realitzades per l&#8217;\u00c0rea de Cultura i Extensi\u00f3 Universit\u00e0ria, a fi que tots els nostres alumnes de Belles Arts puguen sol\u00b7licitar, disposar i disfrutar d&#8217;estos espais per a la celebraci\u00f3 d&#8217;exposicions en les localitats [&#8230;]<\/p>\n","protected":false},"author":2996,"featured_media":0,"parent":0,"menu_order":0,"comment_status":"closed","ping_status":"open","template":"","meta":{"_links_to":"","_links_to_target":""},"_links":{"self":[{"href":"https:\/\/bancodeespacios.umh.es\/ca\/wp-json\/wp\/v2\/pages\/22"}],"collection":[{"href":"https:\/\/bancodeespacios.umh.es\/ca\/wp-json\/wp\/v2\/pages"}],"about":[{"href":"https:\/\/bancodeespacios.umh.es\/ca\/wp-json\/wp\/v2\/types\/page"}],"author":[{"embeddable":true,"href":"https:\/\/bancodeespacios.umh.es\/ca\/wp-json\/wp\/v2\/users\/2996"}],"replies":[{"embeddable":true,"href":"https:\/\/bancodeespacios.umh.es\/ca\/wp-json\/wp\/v2\/comments?post=22"}],"version-history":[{"count":0,"href":"https:\/\/bancodeespacios.umh.es\/ca\/wp-json\/wp\/v2\/pages\/22\/revisions"}],"wp:attachment":[{"href":"https:\/\/bancodeespacios.umh.es\/ca\/wp-json\/wp\/v2\/media?parent=22"}],"curies":[{"name":"wp","href":"https:\/\/api.w.org\/{rel}","templated":true}]}}